{"id":52,"date":"2025-03-18T16:47:22","date_gmt":"2025-03-18T16:47:22","guid":{"rendered":"https:\/\/rentmymoment.dev01.servidordepruebas.eu\/?page_id=52"},"modified":"2025-03-18T17:00:48","modified_gmt":"2025-03-18T17:00:48","slug":"subasta-cristiano-ronaldo","status":"publish","type":"page","link":"https:\/\/rentmymoment.dev01.servidordepruebas.eu\/?page_id=52","title":{"rendered":"Subasta Cristiano Ronaldo"},"content":{"rendered":"\t\t<div data-elementor-type=\"wp-page\" data-elementor-id=\"52\" class=\"elementor elementor-52\" data-elementor-post-type=\"page\">\n\t\t\t\t<div class=\"elementor-element elementor-element-2c5a82d e-grid e-con-boxed e-con e-parent\" data-id=\"2c5a82d\" data-element_type=\"container\">\n\t\t\t\t\t<div class=\"e-con-inner\">\n\t\t\t\t<div class=\"elementor-element elementor-element-9e427b4 elementor-widget elementor-widget-heading\" data-id=\"9e427b4\" data-element_type=\"widget\" data-widget_type=\"heading.default\">\n\t\t\t\t<div class=\"elementor-widget-container\">\n\t\t\t\t\t<h2 class=\"elementor-heading-title elementor-size-default\">Subasta Activa Cristiano Ronaldo<\/h2>\t\t\t\t<\/div>\n\t\t\t\t<\/div>\n\t\t\t\t\t<\/div>\n\t\t\t\t<\/div>\n\t\t<div class=\"elementor-element elementor-element-3199b63 e-grid e-con-boxed e-con e-parent\" data-id=\"3199b63\" data-element_type=\"container\">\n\t\t\t\t\t<div class=\"e-con-inner\">\n\t\t\t\t<div class=\"elementor-element elementor-element-20ad158 elementor-widget elementor-widget-image\" data-id=\"20ad158\" data-element_type=\"widget\" data-widget_type=\"image.default\">\n\t\t\t\t<div class=\"elementor-widget-container\">\n\t\t\t\t\t\t\t\t\t\t\t\t\t\t\t<img fetchpriority=\"high\" decoding=\"async\" width=\"800\" height=\"533\" src=\"https:\/\/rentmymoment.dev01.servidordepruebas.eu\/wp-content\/uploads\/2025\/03\/16591778851898.jpg\" class=\"attachment-large size-large wp-image-23\" alt=\"\" srcset=\"https:\/\/rentmymoment.dev01.servidordepruebas.eu\/wp-content\/uploads\/2025\/03\/16591778851898.jpg 828w, https:\/\/rentmymoment.dev01.servidordepruebas.eu\/wp-content\/uploads\/2025\/03\/16591778851898-300x200.jpg 300w, https:\/\/rentmymoment.dev01.servidordepruebas.eu\/wp-content\/uploads\/2025\/03\/16591778851898-768x512.jpg 768w\" sizes=\"(max-width: 800px) 100vw, 800px\" \/>\t\t\t\t\t\t\t\t\t\t\t\t\t\t\t<\/div>\n\t\t\t\t<\/div>\n\t\t\t\t<div class=\"elementor-element elementor-element-f88e634 elementor-widget elementor-widget-rating\" data-id=\"f88e634\" data-element_type=\"widget\" data-widget_type=\"rating.default\">\n\t\t\t\t<div class=\"elementor-widget-container\">\n\t\t\t\t\t\t\t<div class=\"e-rating\" itemtype=\"https:\/\/schema.org\/Rating\" itemscope=\"\" itemprop=\"reviewRating\">\n\t\t\t<meta itemprop=\"worstRating\" content=\"0\">\n\t\t\t<meta itemprop=\"bestRating\" content=\"5\">\n\t\t\t<div class=\"e-rating-wrapper\" itemprop=\"ratingValue\" content=\"5\" role=\"img\" aria-label=\"Valorado con 5 de 5\">\n\t\t\t\t\t\t\t<div class=\"e-icon\">\n\t\t\t\t<div class=\"e-icon-wrapper e-icon-marked\">\n\t\t\t\t\t<svg aria-hidden=\"true\" class=\"e-font-icon-svg e-eicon-star\" viewBox=\"0 0 1000 1000\" xmlns=\"http:\/\/www.w3.org\/2000\/svg\"><path d=\"M450 75L338 312 88 350C46 354 25 417 58 450L238 633 196 896C188 942 238 975 275 954L500 837 725 954C767 975 813 942 804 896L763 633 942 450C975 417 954 358 913 350L663 312 550 75C529 33 471 33 450 75Z\"><\/path><\/svg>\t\t\t\t<\/div>\n\t\t\t\t<div class=\"e-icon-wrapper e-icon-unmarked\">\n\t\t\t\t\t<svg aria-hidden=\"true\" class=\"e-font-icon-svg e-eicon-star\" viewBox=\"0 0 1000 1000\" xmlns=\"http:\/\/www.w3.org\/2000\/svg\"><path d=\"M450 75L338 312 88 350C46 354 25 417 58 450L238 633 196 896C188 942 238 975 275 954L500 837 725 954C767 975 813 942 804 896L763 633 942 450C975 417 954 358 913 350L663 312 550 75C529 33 471 33 450 75Z\"><\/path><\/svg>\t\t\t\t<\/div>\n\t\t\t<\/div>\n\t\t\t\t\t\t<div class=\"e-icon\">\n\t\t\t\t<div class=\"e-icon-wrapper e-icon-marked\">\n\t\t\t\t\t<svg aria-hidden=\"true\" class=\"e-font-icon-svg e-eicon-star\" viewBox=\"0 0 1000 1000\" xmlns=\"http:\/\/www.w3.org\/2000\/svg\"><path d=\"M450 75L338 312 88 350C46 354 25 417 58 450L238 633 196 896C188 942 238 975 275 954L500 837 725 954C767 975 813 942 804 896L763 633 942 450C975 417 954 358 913 350L663 312 550 75C529 33 471 33 450 75Z\"><\/path><\/svg>\t\t\t\t<\/div>\n\t\t\t\t<div class=\"e-icon-wrapper e-icon-unmarked\">\n\t\t\t\t\t<svg aria-hidden=\"true\" class=\"e-font-icon-svg e-eicon-star\" viewBox=\"0 0 1000 1000\" xmlns=\"http:\/\/www.w3.org\/2000\/svg\"><path d=\"M450 75L338 312 88 350C46 354 25 417 58 450L238 633 196 896C188 942 238 975 275 954L500 837 725 954C767 975 813 942 804 896L763 633 942 450C975 417 954 358 913 350L663 312 550 75C529 33 471 33 450 75Z\"><\/path><\/svg>\t\t\t\t<\/div>\n\t\t\t<\/div>\n\t\t\t\t\t\t<div class=\"e-icon\">\n\t\t\t\t<div class=\"e-icon-wrapper e-icon-marked\">\n\t\t\t\t\t<svg aria-hidden=\"true\" class=\"e-font-icon-svg e-eicon-star\" viewBox=\"0 0 1000 1000\" xmlns=\"http:\/\/www.w3.org\/2000\/svg\"><path d=\"M450 75L338 312 88 350C46 354 25 417 58 450L238 633 196 896C188 942 238 975 275 954L500 837 725 954C767 975 813 942 804 896L763 633 942 450C975 417 954 358 913 350L663 312 550 75C529 33 471 33 450 75Z\"><\/path><\/svg>\t\t\t\t<\/div>\n\t\t\t\t<div class=\"e-icon-wrapper e-icon-unmarked\">\n\t\t\t\t\t<svg aria-hidden=\"true\" class=\"e-font-icon-svg e-eicon-star\" viewBox=\"0 0 1000 1000\" xmlns=\"http:\/\/www.w3.org\/2000\/svg\"><path d=\"M450 75L338 312 88 350C46 354 25 417 58 450L238 633 196 896C188 942 238 975 275 954L500 837 725 954C767 975 813 942 804 896L763 633 942 450C975 417 954 358 913 350L663 312 550 75C529 33 471 33 450 75Z\"><\/path><\/svg>\t\t\t\t<\/div>\n\t\t\t<\/div>\n\t\t\t\t\t\t<div class=\"e-icon\">\n\t\t\t\t<div class=\"e-icon-wrapper e-icon-marked\">\n\t\t\t\t\t<svg aria-hidden=\"true\" class=\"e-font-icon-svg e-eicon-star\" viewBox=\"0 0 1000 1000\" xmlns=\"http:\/\/www.w3.org\/2000\/svg\"><path d=\"M450 75L338 312 88 350C46 354 25 417 58 450L238 633 196 896C188 942 238 975 275 954L500 837 725 954C767 975 813 942 804 896L763 633 942 450C975 417 954 358 913 350L663 312 550 75C529 33 471 33 450 75Z\"><\/path><\/svg>\t\t\t\t<\/div>\n\t\t\t\t<div class=\"e-icon-wrapper e-icon-unmarked\">\n\t\t\t\t\t<svg aria-hidden=\"true\" class=\"e-font-icon-svg e-eicon-star\" viewBox=\"0 0 1000 1000\" xmlns=\"http:\/\/www.w3.org\/2000\/svg\"><path d=\"M450 75L338 312 88 350C46 354 25 417 58 450L238 633 196 896C188 942 238 975 275 954L500 837 725 954C767 975 813 942 804 896L763 633 942 450C975 417 954 358 913 350L663 312 550 75C529 33 471 33 450 75Z\"><\/path><\/svg>\t\t\t\t<\/div>\n\t\t\t<\/div>\n\t\t\t\t\t\t<div class=\"e-icon\">\n\t\t\t\t<div class=\"e-icon-wrapper e-icon-marked\">\n\t\t\t\t\t<svg aria-hidden=\"true\" class=\"e-font-icon-svg e-eicon-star\" viewBox=\"0 0 1000 1000\" xmlns=\"http:\/\/www.w3.org\/2000\/svg\"><path d=\"M450 75L338 312 88 350C46 354 25 417 58 450L238 633 196 896C188 942 238 975 275 954L500 837 725 954C767 975 813 942 804 896L763 633 942 450C975 417 954 358 913 350L663 312 550 75C529 33 471 33 450 75Z\"><\/path><\/svg>\t\t\t\t<\/div>\n\t\t\t\t<div class=\"e-icon-wrapper e-icon-unmarked\">\n\t\t\t\t\t<svg aria-hidden=\"true\" class=\"e-font-icon-svg e-eicon-star\" viewBox=\"0 0 1000 1000\" xmlns=\"http:\/\/www.w3.org\/2000\/svg\"><path d=\"M450 75L338 312 88 350C46 354 25 417 58 450L238 633 196 896C188 942 238 975 275 954L500 837 725 954C767 975 813 942 804 896L763 633 942 450C975 417 954 358 913 350L663 312 550 75C529 33 471 33 450 75Z\"><\/path><\/svg>\t\t\t\t<\/div>\n\t\t\t<\/div>\n\t\t\t\t\t\t<\/div>\n\t\t<\/div>\n\t\t\t\t\t\t<\/div>\n\t\t\t\t<\/div>\n\t\t\t\t\t<\/div>\n\t\t\t\t<\/div>\n\t\t<div class=\"elementor-element elementor-element-48e1fa8 e-grid e-con-boxed e-con e-parent\" data-id=\"48e1fa8\" data-element_type=\"container\">\n\t\t\t\t\t<div class=\"e-con-inner\">\n\t\t\t\t<div class=\"elementor-element elementor-element-5efad3a elementor-widget elementor-widget-heading\" data-id=\"5efad3a\" data-element_type=\"widget\" data-widget_type=\"heading.default\">\n\t\t\t\t<div class=\"elementor-widget-container\">\n\t\t\t\t\t<h2 class=\"elementor-heading-title elementor-size-default\">Precio de salida: 5.000\u20ac<\/h2>\t\t\t\t<\/div>\n\t\t\t\t<\/div>\n\t\t\t\t<div class=\"elementor-element elementor-element-dd1b5e2 elementor-widget elementor-widget-heading\" data-id=\"dd1b5e2\" data-element_type=\"widget\" data-widget_type=\"heading.default\">\n\t\t\t\t<div class=\"elementor-widget-container\">\n\t\t\t\t\t<h2 class=\"elementor-heading-title elementor-size-default\">Precio actual de la subasta: 55.000\u20ac<\/h2>\t\t\t\t<\/div>\n\t\t\t\t<\/div>\n\t\t\t\t<div class=\"elementor-element elementor-element-b20f225 elementor-widget elementor-widget-button\" data-id=\"b20f225\" data-element_type=\"widget\" data-widget_type=\"button.default\">\n\t\t\t\t<div class=\"elementor-widget-container\">\n\t\t\t\t\t\t\t\t\t<div class=\"elementor-button-wrapper\">\n\t\t\t\t\t<a class=\"elementor-button elementor-button-link elementor-size-sm\" href=\"#\">\n\t\t\t\t\t\t<span class=\"elementor-button-content-wrapper\">\n\t\t\t\t\t\t\t\t\t<span class=\"elementor-button-text\">Hacer mi subasta<\/span>\n\t\t\t\t\t<\/span>\n\t\t\t\t\t<\/a>\n\t\t\t\t<\/div>\n\t\t\t\t\t\t\t\t<\/div>\n\t\t\t\t<\/div>\n\t\t\t\t<div class=\"elementor-element elementor-element-ace24bf elementor-countdown--label-block elementor-widget elementor-widget-countdown\" data-id=\"ace24bf\" data-element_type=\"widget\" data-widget_type=\"countdown.default\">\n\t\t\t\t<div class=\"elementor-widget-container\">\n\t\t\t\t\t\t\t<div class=\"elementor-countdown-wrapper\" data-date=\"1745772420\">\n\t\t\t<div class=\"elementor-countdown-item\"><span class=\"elementor-countdown-digits elementor-countdown-days\"><\/span> <span class=\"elementor-countdown-label\">D\u00edas<\/span><\/div><div class=\"elementor-countdown-item\"><span class=\"elementor-countdown-digits elementor-countdown-hours\"><\/span> <span class=\"elementor-countdown-label\">Horas<\/span><\/div><div class=\"elementor-countdown-item\"><span class=\"elementor-countdown-digits elementor-countdown-minutes\"><\/span> <span class=\"elementor-countdown-label\">Minutos<\/span><\/div><div class=\"elementor-countdown-item\"><span class=\"elementor-countdown-digits elementor-countdown-seconds\"><\/span> <span class=\"elementor-countdown-label\">Segundos<\/span><\/div>\t\t<\/div>\n\t\t\t\t\t\t<\/div>\n\t\t\t\t<\/div>\n\t\t\t\t\t<\/div>\n\t\t\t\t<\/div>\n\t\t<div class=\"elementor-element elementor-element-cd54e09 e-grid e-con-boxed e-con e-parent\" data-id=\"cd54e09\" data-element_type=\"container\">\n\t\t\t\t\t<div class=\"e-con-inner\">\n\t\t\t\t<div class=\"elementor-element elementor-element-61553f3 elementor-widget elementor-widget-text-editor\" data-id=\"61553f3\" data-element_type=\"widget\" data-widget_type=\"text-editor.default\">\n\t\t\t\t<div class=\"elementor-widget-container\">\n\t\t\t\t\t\t\t\t\t<p>Descripci\u00f3n de la Subasta: Una Hora de F\u00fatbol con Cristiano Ronaldo<br \/>\u00a1Vive la experiencia de tu vida con una leyenda del f\u00fatbol!<\/p><p>En RentMyMoment te ofrecemos la oportunidad \u00fanica de pasar una hora exclusiva jugando al f\u00fatbol junto a Cristiano Ronaldo. Esta subasta no es solo una experiencia, sino una inmersi\u00f3n en el mundo del deporte de alto nivel, donde la pasi\u00f3n, la t\u00e9cnica y la inspiraci\u00f3n se unen.<\/p><p>\u00bfQu\u00e9 Incluye la Experiencia?<br \/>Sesi\u00f3n Personalizada de Entrenamiento y Juego: Disfruta de una hora de juego en un ambiente \u00edntimo y profesional, donde Cristiano te ense\u00f1ar\u00e1 algunos de sus secretos y t\u00e9cnicas que lo han llevado a la cima del f\u00fatbol mundial.<\/p><p>Interacci\u00f3n Directa y Consejos Personalizados: Aprovecha la oportunidad de recibir tips y trucos del propio CR7, adaptados a tu nivel de juego. Una sesi\u00f3n que va m\u00e1s all\u00e1 del simple partido, transform\u00e1ndose en un aut\u00e9ntico entrenamiento de \u00e9lite.<\/p><p>Ambiente Exclusivo: La experiencia se llevar\u00e1 a cabo en un entorno cuidadosamente seleccionado, que combina instalaciones de primer nivel con la atm\u00f3sfera inspiradora de un encuentro \u00fanico con una figura emblem\u00e1tica del deporte.<\/p><p>Recuerdos Inolvidables: Adem\u00e1s del juego, podr\u00e1s llevarte recuerdos exclusivos de este momento hist\u00f3rico, con fotograf\u00edas y, posiblemente, un peque\u00f1o obsequio firmado por Cristiano.<\/p><p>\u00bfPor Qu\u00e9 Participar en la Subasta?<br \/>Exclusividad y Escasez: Una oportunidad \u00fanica que pocas veces se presenta en la vida. La subasta garantiza que cada momento sea especial, ya que el afortunado ganador vivir\u00e1 una experiencia irrepetible.<\/p><p>Inspiraci\u00f3n y Motivaci\u00f3n: M\u00e1s que un simple partido, esta experiencia es una fuente de inspiraci\u00f3n para todos los amantes del f\u00fatbol, permiti\u00e9ndote aprender de uno de los mejores jugadores de la historia.<\/p><p>Una Inversi\u00f3n en Recuerdos: Invertir en esta subasta es invertir en una experiencia que trasciende lo material, creando memorias que te acompa\u00f1ar\u00e1n para siempre.<\/p><p>\u00bfC\u00f3mo Participar?<br \/>Reg\u00edstrate en RentMyMoment: Accede a la plataforma y crea tu cuenta para poder participar en la subasta.<br \/>Realiza tu Oferta: Introduce tu puja y compite por esa oportunidad \u00fanica. Recuerda, cada puja es una inversi\u00f3n en una experiencia inolvidable.<br \/>Vive la Experiencia: Si ganas, prep\u00e1rate para vivir una hora de f\u00fatbol con Cristiano Ronaldo que cambiar\u00e1 tu forma de ver el deporte.<br \/>No dejes pasar la oportunidad de convertirte en parte de la historia del f\u00fatbol. Participa en esta subasta exclusiva y dale un giro \u00e9pico a tu pasi\u00f3n deportiva.<\/p>\t\t\t\t\t\t\t\t<\/div>\n\t\t\t\t<\/div>\n\t\t\t\t\t<\/div>\n\t\t\t\t<\/div>\n\t\t\t\t<\/div>\n\t\t","protected":false},"excerpt":{"rendered":"<p>Subasta Activa Cristiano Ronaldo Precio de salida: 5.000\u20ac Precio actual de la subasta: 55.000\u20ac Hacer mi subasta D\u00edas Horas Minutos Segundos Descripci\u00f3n de la Subasta: Una Hora de F\u00fatbol con Cristiano Ronaldo\u00a1Vive la experiencia de tu vida con una leyenda del f\u00fatbol! En RentMyMoment te ofrecemos la oportunidad \u00fanica de pasar una hora exclusiva jugando [&hellip;]<\/p>\n","protected":false},"author":1,"featured_media":0,"parent":0,"menu_order":0,"comment_status":"closed","ping_status":"closed","template":"","meta":{"footnotes":""},"class_list":["post-52","page","type-page","status-publish","hentry"],"_links":{"self":[{"href":"https:\/\/rentmymoment.dev01.servidordepruebas.eu\/index.php?rest_route=\/wp\/v2\/pages\/52","targetHints":{"allow":["GET"]}}],"collection":[{"href":"https:\/\/rentmymoment.dev01.servidordepruebas.eu\/index.php?rest_route=\/wp\/v2\/pages"}],"about":[{"href":"https:\/\/rentmymoment.dev01.servidordepruebas.eu\/index.php?rest_route=\/wp\/v2\/types\/page"}],"author":[{"embeddable":true,"href":"https:\/\/rentmymoment.dev01.servidordepruebas.eu\/index.php?rest_route=\/wp\/v2\/users\/1"}],"replies":[{"embeddable":true,"href":"https:\/\/rentmymoment.dev01.servidordepruebas.eu\/index.php?rest_route=%2Fwp%2Fv2%2Fcomments&post=52"}],"version-history":[{"count":16,"href":"https:\/\/rentmymoment.dev01.servidordepruebas.eu\/index.php?rest_route=\/wp\/v2\/pages\/52\/revisions"}],"predecessor-version":[{"id":71,"href":"https:\/\/rentmymoment.dev01.servidordepruebas.eu\/index.php?rest_route=\/wp\/v2\/pages\/52\/revisions\/71"}],"wp:attachment":[{"href":"https:\/\/rentmymoment.dev01.servidordepruebas.eu\/index.php?rest_route=%2Fwp%2Fv2%2Fmedia&parent=52"}],"curies":[{"name":"wp","href":"https:\/\/api.w.org\/{rel}","templated":true}]}}